{"id":197,"date":"2026-04-06T10:07:39","date_gmt":"2026-04-06T10:07:39","guid":{"rendered":"https:\/\/www.zitkovskebohyne.cz\/?page_id=197"},"modified":"2026-04-07T20:12:19","modified_gmt":"2026-04-07T20:12:19","slug":"o-knize","status":"publish","type":"page","link":"https:\/\/www.zitkovskebohyne.cz\/?page_id=197","title":{"rendered":"O knize"},"content":{"rendered":"\t\t<div data-elementor-type=\"wp-page\" data-elementor-id=\"197\" class=\"elementor elementor-197\" data-elementor-post-type=\"page\">\n\t\t\t\t\t\t<section class=\"elementor-section elementor-top-section elementor-element elementor-element-30564a33 elementor-section-stretched elementor-section-height-min-height elementor-section-items-stretch elementor-section-content-space-around elementor-reverse-mobile elementor-section-boxed elementor-section-height-default\" data-id=\"30564a33\" data-element_type=\"section\" data-e-type=\"section\" id=\"intro\" data-settings=\"{&quot;stretch_section&quot;:&quot;section-stretched&quot;,&quot;background_background&quot;:&quot;classic&quot;}\">\n\t\t\t\t\t\t\t<div class=\"elementor-background-overlay\"><\/div>\n\t\t\t\t\t\t\t<div class=\"elementor-container elementor-column-gap-default\">\n\t\t\t\t\t<div class=\"elementor-column elementor-col-50 elementor-top-column elementor-element elementor-element-6059e144\" data-id=\"6059e144\" data-element_type=\"column\" data-e-type=\"column\">\n\t\t\t<div class=\"elementor-widget-wrap elementor-element-populated\">\n\t\t\t\t\t\t<div class=\"elementor-element elementor-element-1330ddd elementor-widget elementor-widget-spacer\" data-id=\"1330ddd\" data-element_type=\"widget\" data-e-type=\"widget\" data-widget_type=\"spacer.default\">\n\t\t\t\t\t\t\t<div class=\"elementor-spacer\">\n\t\t\t<div class=\"elementor-spacer-inner\"><\/div>\n\t\t<\/div>\n\t\t\t\t\t\t<\/div>\n\t\t\t\t<div class=\"elementor-element elementor-element-3bc9b03f elementor-widget elementor-widget-heading\" data-id=\"3bc9b03f\" data-element_type=\"widget\" data-e-type=\"widget\" data-widget_type=\"heading.default\">\n\t\t\t\t\t<h2 class=\"elementor-heading-title elementor-size-default\">O knize<\/h2>\t\t\t\t<\/div>\n\t\t\t\t<div class=\"elementor-element elementor-element-48a8dd2 elementor-widget elementor-widget-text-editor\" data-id=\"48a8dd2\" data-element_type=\"widget\" data-e-type=\"widget\" data-widget_type=\"text-editor.default\">\n\t\t\t\t\t\t\t\t\t<p><strong>Doslov ke knize<\/strong><\/p><p>Kniha etnolo\u017eky Dagmar Dob\u0161ovi\u010dov\u00e9, kterou laskav\u00fd \u010dten\u00e1\u0159 dr\u017e\u00ed v rukou, p\u0159ibli\u017euje fenom\u00e9n lidov\u00e9 magie na Moravsk\u00fdch Kopanic\u00edch, respektive instituci takzvan\u00fdch \u017e\u00edtkovsk\u00fdch \u201ebohy\u0148\u201c, proslul\u00fdch kdysi sv\u00fdm \u201eum\u011bn\u00edm\u201c nejen v \u0161irok\u00e9m okol\u00ed B\u00edl\u00fdch Karpat.\u00a0 Autorka je jedin\u00fdm \u0161kolen\u00fdm etnografem, kter\u00fd lidovou magii na Kopanic\u00edch zkoumal p\u0159\u00edmo v ter\u00e9nu, nav\u00edc formou z\u00fa\u010dastn\u011bn\u00e9ho pozorov\u00e1n\u00ed. V\u0161ichni ti, kte\u0159\u00ed o \u201ebohyn\u00edch\u201c psali p\u0159ed n\u00ed, by\u0165 \u017eili a popisovali stav lidov\u00e9 magie v t\u00e9to oblasti v dob\u00e1ch, kdy se dalo hovo\u0159it o jeho vrcholu \u010di zlat\u00e9 dob\u011b, m\u011bli informace v\u011bt\u0161inou z doslechu, zprost\u0159edkovan\u00e9, by\u0165 netvrd\u00edme, \u017ee nep\u0159esn\u00e9. Autorka naopak zachytila sv\u011bt lidov\u00e9 magie na Kopanic\u00edch v posledn\u00ed mo\u017en\u00e9 chv\u00edli, t\u011bsn\u011b p\u0159ed t\u00edm, ne\u017e se smrt\u00ed posledn\u00edch dvou autentick\u00fdch \u201ebohy\u0148\u201c, kter\u00e9 z\u00edskaly sv\u00e9 schopnosti od sv\u00fdch matek \u010di babi\u010dek, a pota\u017emo tak od generac\u00ed jejich p\u0159edch\u016fdky\u0148, cel\u00e1 kapitola, o n\u00ed\u017e vlastn\u011b ani nev\u00edme, jak byla dlouh\u00e1, uzav\u0159ela.<\/p><p>S posledn\u00edmi dv\u011bma z\u00e1stupkyn\u011bmi tohoto v podstat\u011b \u0159emesla se sbl\u00ed\u017eila ve chv\u00edli, kdy jejich \u201estar\u00fd sv\u011bt\u201c do\u017e\u00edval, a to nejen ve sv\u00e9 duchovn\u00ed sf\u00e9\u0159e a sep\u011bt\u00ed s tradic\u00ed, ale i v oblasti praktick\u00e9ho \u017eivota <br \/>a hospoda\u0159en\u00ed. Spolu s\u00a0jejich za\u0159\u00edk\u00e1v\u00e1n\u00edm a v\u011b\u0161tbami definitivn\u011b zanikl i \u017eivot star\u00fdch Kopanic\u2026<\/p><p>Knihu Dagmar Dob\u0161ovi\u010dov\u00e9 je proto nutno vysoce ocenit. A to t\u00edm sp\u00ed\u0161e, \u017ee jej\u00ed autorka je vlastn\u011b prvn\u00ed a z\u00e1rove\u0148 i posledn\u00ed, kdo dok\u00e1zal hloub\u011bji, doslova v\u00a0hodin\u011b dvan\u00e1ct\u00e9, proniknout do duchovn\u00edho sv\u011bta \u017e\u00edtkovsk\u00fdch \u201ebohy\u0148\u201c ovlivn\u011bn\u00e9ho staletou tradic\u00ed a vlastn\u011b i do ducha cel\u00e9ho regionu Moravsk\u00fdch Kopanic. Jej\u00ed kniha tak je, a i do budoucna z\u016fstane, zcela ojedin\u011bl\u00fdm sv\u011bdectv\u00edm zanikl\u00e9ho sv\u011bta magie, ale i hospoda\u0159en\u00ed a v\u016fbec tradi\u010dn\u00edho \u017eivota na Moravsk\u00fdch Kopanic\u00edch.<\/p><p><strong>Doc. PhDr. V\u00e1clav \u0160t\u011bp\u00e1nek, Ph.D.<\/strong><\/p>\t\t\t\t\t\t\t\t<\/div>\n\t\t\t\t\t<\/div>\n\t\t<\/div>\n\t\t\t\t<div class=\"elementor-column elementor-col-50 elementor-top-column elementor-element elementor-element-456177ae\" data-id=\"456177ae\" data-element_type=\"column\" data-e-type=\"column\">\n\t\t\t<div class=\"elementor-widget-wrap elementor-element-populated\">\n\t\t\t\t\t\t\t\t\t\n\t\t<img class=\"e-image-base \" \n\t\t\t\t\tdata-interaction-id=\"2381ad73\" \n\t\t \n\t\t data-e-type=\"widget\" data-id=\"2381ad73\"\n\t\t\t\t\t\t\t\t\tid=\"57\"\n\t\t\t\t\t\t\t\t\t\t\t\tsrc=\"https:\/\/www.zitkovskebohyne.cz\/wp-content\/uploads\/2026\/04\/kniha.png\"\n\t\t\t\t\t\t\t\t\t\t\t\twidth=\"864\"\n\t\t\t\t\t\t\t\t\t\t\t\theight=\"1225\"\n\t\t\t\t\t\t\t\t\t\t\t\tsrcset=\"https:\/\/www.zitkovskebohyne.cz\/wp-content\/uploads\/2026\/04\/kniha.png 864w, https:\/\/www.zitkovskebohyne.cz\/wp-content\/uploads\/2026\/04\/kniha-212x300.png 212w, https:\/\/www.zitkovskebohyne.cz\/wp-content\/uploads\/2026\/04\/kniha-722x1024.png 722w, https:\/\/www.zitkovskebohyne.cz\/wp-content\/uploads\/2026\/04\/kniha-768x1089.png 768w\"\n\t\t\t\t\t\t\t\t\t\t\t\talt=\"\"\n\t\t\t\t\t\t\/>\n\t\t\t\t\t\t<\/div>\n\t\t<\/div>\n\t\t\t\t\t<\/div>\n\t\t<\/section>\n\t\t\t\t<\/div>\n\t\t","protected":false},"excerpt":{"rendered":"<p>O knize Doslov ke knize Kniha etnolo\u017eky Dagmar Dob\u0161ovi\u010dov\u00e9, kterou laskav\u00fd \u010dten\u00e1\u0159 dr\u017e\u00ed v rukou, p\u0159ibli\u017euje fenom\u00e9n lidov\u00e9 magie na Moravsk\u00fdch Kopanic\u00edch, respektive instituci takzvan\u00fdch \u017e\u00edtkovsk\u00fdch \u201ebohy\u0148\u201c, proslul\u00fdch kdysi sv\u00fdm \u201eum\u011bn\u00edm\u201c nejen v \u0161irok\u00e9m okol\u00ed B\u00edl\u00fdch Karpat.\u00a0 Autorka je jedin\u00fdm \u0161kolen\u00fdm etnografem, kter\u00fd lidovou magii na Kopanic\u00edch zkoumal p\u0159\u00edmo v ter\u00e9nu, nav\u00edc formou z\u00fa\u010dastn\u011bn\u00e9ho pozorov\u00e1n\u00ed. [&hellip;]<\/p>\n","protected":false},"author":1,"featured_media":0,"parent":0,"menu_order":0,"comment_status":"closed","ping_status":"closed","template":"","meta":{"footnotes":""},"class_list":["post-197","page","type-page","status-publish","hentry"],"_links":{"self":[{"href":"https:\/\/www.zitkovskebohyne.cz\/index.php?rest_route=\/wp\/v2\/pages\/197","targetHints":{"allow":["GET"]}}],"collection":[{"href":"https:\/\/www.zitkovskebohyne.cz\/index.php?rest_route=\/wp\/v2\/pages"}],"about":[{"href":"https:\/\/www.zitkovskebohyne.cz\/index.php?rest_route=\/wp\/v2\/types\/page"}],"author":[{"embeddable":true,"href":"https:\/\/www.zitkovskebohyne.cz\/index.php?rest_route=\/wp\/v2\/users\/1"}],"replies":[{"embeddable":true,"href":"https:\/\/www.zitkovskebohyne.cz\/index.php?rest_route=%2Fwp%2Fv2%2Fcomments&post=197"}],"version-history":[{"count":88,"href":"https:\/\/www.zitkovskebohyne.cz\/index.php?rest_route=\/wp\/v2\/pages\/197\/revisions"}],"predecessor-version":[{"id":350,"href":"https:\/\/www.zitkovskebohyne.cz\/index.php?rest_route=\/wp\/v2\/pages\/197\/revisions\/350"}],"wp:attachment":[{"href":"https:\/\/www.zitkovskebohyne.cz\/index.php?rest_route=%2Fwp%2Fv2%2Fmedia&parent=197"}],"curies":[{"name":"wp","href":"https:\/\/api.w.org\/{rel}","templated":true}]}}